{"id":110,"date":"2015-03-15T16:47:59","date_gmt":"2015-03-15T16:47:59","guid":{"rendered":"http:\/\/andotolo.de\/?page_id=110"},"modified":"2015-03-28T07:40:14","modified_gmt":"2015-03-28T07:40:14","slug":"fotoalben","status":"publish","type":"page","link":"https:\/\/andotolo.de\/?page_id=110","title":{"rendered":"Fotoalben"},"content":{"rendered":"<p>&nbsp;<\/p>\n<p><a href=\"http:\/\/andotolo.de\/wp-content\/uploads\/2014\/11\/Canon14jpg.jpg\"><img loading=\"lazy\" decoding=\"async\" width=\"1024\" height=\"469\" class=\"aligncenter size-full wp-image-78\" src=\"http:\/\/andotolo.de\/wp-content\/uploads\/2014\/11\/Canon14jpg.jpg\" alt=\"Canon14jpg\" srcset=\"https:\/\/andotolo.de\/wp-content\/uploads\/2014\/11\/Canon14jpg.jpg 1024w, https:\/\/andotolo.de\/wp-content\/uploads\/2014\/11\/Canon14jpg-300x137.jpg 300w\" sizes=\"auto, (max-width: 1024px) 100vw, 1024px\" \/><\/a><\/p>\n<hr \/>\n<p>&nbsp;<\/p>\n<h4 style=\"text-align: center;\">Ich w\u00fcnsche Ihnen ein paar sch\u00f6ne Minuten beim Betrachten der Bilder.<\/h4>\n<p style=\"text-align: center;\">Die Fotoalben werden laufend erg\u00e4nzt und es werden st\u00e4ndig neue Bilder eingef\u00fcgt.<\/p>\n<p>&nbsp;<\/p>\n<hr \/>\n<p><a href=\"http:\/\/andotolo.de\/wp-content\/uploads\/2014\/11\/Canon3.jpg\"><img loading=\"lazy\" decoding=\"async\" width=\"1024\" height=\"683\" class=\"aligncenter size-full wp-image-77\" src=\"http:\/\/andotolo.de\/wp-content\/uploads\/2014\/11\/Canon3.jpg\" alt=\"Canon3\" srcset=\"https:\/\/andotolo.de\/wp-content\/uploads\/2014\/11\/Canon3.jpg 1024w, https:\/\/andotolo.de\/wp-content\/uploads\/2014\/11\/Canon3-300x200.jpg 300w\" sizes=\"auto, (max-width: 1024px) 100vw, 1024px\" \/><\/a><\/p>\n<h3 style=\"text-align: center;\"><\/h3>\n","protected":false},"excerpt":{"rendered":"<p>&nbsp; &nbsp; Ich w\u00fcnsche Ihnen ein paar sch\u00f6ne Minuten beim Betrachten der Bilder. Die Fotoalben werden laufend erg\u00e4nzt und es werden st\u00e4ndig neue Bilder eingef\u00fcgt. &nbsp;<\/p>\n","protected":false},"author":1,"featured_media":0,"parent":0,"menu_order":0,"comment_status":"closed","ping_status":"closed","template":"template-full.php","meta":{"footnotes":""},"class_list":["post-110","page","type-page","status-publish","hentry"],"_links":{"self":[{"href":"https:\/\/andotolo.de\/index.php?rest_route=\/wp\/v2\/pages\/110","targetHints":{"allow":["GET"]}}],"collection":[{"href":"https:\/\/andotolo.de\/index.php?rest_route=\/wp\/v2\/pages"}],"about":[{"href":"https:\/\/andotolo.de\/index.php?rest_route=\/wp\/v2\/types\/page"}],"author":[{"embeddable":true,"href":"https:\/\/andotolo.de\/index.php?rest_route=\/wp\/v2\/users\/1"}],"replies":[{"embeddable":true,"href":"https:\/\/andotolo.de\/index.php?rest_route=%2Fwp%2Fv2%2Fcomments&post=110"}],"version-history":[{"count":4,"href":"https:\/\/andotolo.de\/index.php?rest_route=\/wp\/v2\/pages\/110\/revisions"}],"predecessor-version":[{"id":156,"href":"https:\/\/andotolo.de\/index.php?rest_route=\/wp\/v2\/pages\/110\/revisions\/156"}],"wp:attachment":[{"href":"https:\/\/andotolo.de\/index.php?rest_route=%2Fwp%2Fv2%2Fmedia&parent=110"}],"curies":[{"name":"wp","href":"https:\/\/api.w.org\/{rel}","templated":true}]}}