{"id":179,"date":"2015-04-12T16:30:23","date_gmt":"2015-04-12T16:30:23","guid":{"rendered":"http:\/\/andotolo.de\/?page_id=179"},"modified":"2019-01-12T20:35:23","modified_gmt":"2019-01-12T18:35:23","slug":"panoramafotografie","status":"publish","type":"page","link":"https:\/\/andotolo.de\/?page_id=179","title":{"rendered":"Panoramafotografie"},"content":{"rendered":"<p><img loading=\"lazy\" decoding=\"async\" class=\"alignleft wp-image-386\" src=\"http:\/\/andotolo.de\/wp-content\/uploads\/2017\/09\/2017_09_18_Nodalpunkt2_008-200x300.jpg\" alt=\"\" width=\"281\" height=\"422\" \/>Da bei der Panoramafotografie die Kamera um den Nodalpunkt (Lichteintrittspunkt) gedreht werden mu\u00df ben\u00f6tigt man einen Nodalpunktadapter. Man kann sehr gute Nodalpunktadapter f\u00fcr viel Geld k\u00e4uflich erwerben. Die Modelle die noch in das Budget eines Hobbyfotografen passen sind leider nicht so optimal, da sehr viele Teile aus Kunststoff sind.\u00a0 Ich hatte im Osterurlaub etwas Zeit f\u00fcr ein paar kleine Basteleien und habe mir einfach einen Nodalpunktadapter f\u00fcr kleines Geld selbst gebaut. Die zusammengesetzten Bilder erreichen eine Gr\u00f6\u00dfe bis zu 25.000 x 10.000 Pixel bei einem 2 reihigem 360\u00b0 Panorama aufgenommen mit einen 10 mm Weitwinkelobjektiv. Das Foto zeigt meine CANON EOS 600D auf Stativ mit eigenbau Nodalpunktadapter und 10 &#8211; 22 mm Weitwinkelzoom.<\/p>\n<p><img loading=\"lazy\" decoding=\"async\" class=\"wp-image-502 alignright\" src=\"http:\/\/andotolo.de\/wp-content\/uploads\/2018\/06\/Nodalpunktadapter-3d-expl.jpg\" alt=\"\" width=\"438\" height=\"311\" srcset=\"https:\/\/andotolo.de\/wp-content\/uploads\/2018\/06\/Nodalpunktadapter-3d-expl.jpg 6994w, https:\/\/andotolo.de\/wp-content\/uploads\/2018\/06\/Nodalpunktadapter-3d-expl-300x213.jpg 300w, https:\/\/andotolo.de\/wp-content\/uploads\/2018\/06\/Nodalpunktadapter-3d-expl-768x545.jpg 768w, https:\/\/andotolo.de\/wp-content\/uploads\/2018\/06\/Nodalpunktadapter-3d-expl-1024x727.jpg 1024w\" sizes=\"auto, (max-width: 438px) 100vw, 438px\" \/><\/p>\n<p><span style=\"font-size: 8pt;\">Explosionszeichnung Nodalpunktadapter<\/span><\/p>\n<p style=\"text-align: center;\">\n","protected":false},"excerpt":{"rendered":"<p>Da bei der Panoramafotografie die Kamera um den Nodalpunkt (Lichteintrittspunkt) gedreht werden mu\u00df ben\u00f6tigt man einen Nodalpunktadapter. Man kann sehr gute Nodalpunktadapter f\u00fcr viel Geld k\u00e4uflich erwerben. Die Modelle die noch in das Budget eines Hobbyfotografen passen sind leider nicht so optimal, da sehr viele Teile aus Kunststoff sind.\u00a0 Ich hatte im Osterurlaub etwas Zeit f\u00fcr ein paar kleine Basteleien und habe mir einfach einen Nodalpunktadapter f\u00fcr kleines Geld selbst gebaut. Die zusammengesetzten Bilder erreichen eine Gr\u00f6\u00dfe bis zu 25.000 x 10.000 Pixel bei einem 2 reihigem 360\u00b0 Panorama aufgenommen mit einen 10 mm Weitwinkelobjektiv. Das Foto zeigt meine CANON EOS 600D auf Stativ mit eigenbau Nodalpunktadapter und 10 &#8211; &hellip; <a href=\"https:\/\/andotolo.de\/?page_id=179\" class=\"more-link\"><span class=\"screen-reader-text\">Panoramafotografie<\/span> weiterlesen <span class=\"meta-nav\">&rarr;<\/span><\/a><\/p>\n","protected":false},"author":1,"featured_media":0,"parent":110,"menu_order":0,"comment_status":"closed","ping_status":"closed","template":"","meta":{"footnotes":""},"class_list":["post-179","page","type-page","status-publish","hentry"],"_links":{"self":[{"href":"https:\/\/andotolo.de\/index.php?rest_route=\/wp\/v2\/pages\/179","targetHints":{"allow":["GET"]}}],"collection":[{"href":"https:\/\/andotolo.de\/index.php?rest_route=\/wp\/v2\/pages"}],"about":[{"href":"https:\/\/andotolo.de\/index.php?rest_route=\/wp\/v2\/types\/page"}],"author":[{"embeddable":true,"href":"https:\/\/andotolo.de\/index.php?rest_route=\/wp\/v2\/users\/1"}],"replies":[{"embeddable":true,"href":"https:\/\/andotolo.de\/index.php?rest_route=%2Fwp%2Fv2%2Fcomments&post=179"}],"version-history":[{"count":34,"href":"https:\/\/andotolo.de\/index.php?rest_route=\/wp\/v2\/pages\/179\/revisions"}],"predecessor-version":[{"id":581,"href":"https:\/\/andotolo.de\/index.php?rest_route=\/wp\/v2\/pages\/179\/revisions\/581"}],"up":[{"embeddable":true,"href":"https:\/\/andotolo.de\/index.php?rest_route=\/wp\/v2\/pages\/110"}],"wp:attachment":[{"href":"https:\/\/andotolo.de\/index.php?rest_route=%2Fwp%2Fv2%2Fmedia&parent=179"}],"curies":[{"name":"wp","href":"https:\/\/api.w.org\/{rel}","templated":true}]}}